{"id":59,"date":"2024-03-25T15:08:15","date_gmt":"2024-03-25T14:08:15","guid":{"rendered":"https:\/\/chats-sacredebirmanie.fr\/?page_id=59"},"modified":"2024-03-25T15:08:15","modified_gmt":"2024-03-25T14:08:15","slug":"livre-d-or","status":"publish","type":"page","link":"https:\/\/chats-sacredebirmanie.fr\/site\/livre-d-or\/","title":{"rendered":"Livre d&rsquo;or"},"content":{"rendered":"\n<div class=\"wp-block-cover alignfull is-light\" style=\"min-height:60vh;aspect-ratio:unset;\"><span aria-hidden=\"true\" class=\"wp-block-cover__background has-background-dim-100 has-background-dim\" style=\"background-color:#dddeaa\"><\/span><div class=\"wp-block-cover__inner-container is-layout-flow wp-block-cover-is-layout-flow\">\n<h1 class=\"wp-block-heading has-text-align-center has-text-color has-link-color wp-elements-a36a9b023ca2134551fbd51be3ee8c61\" style=\"color:#314153\">Livre d&rsquo;or<\/h1>\n\n\n\n<p class=\"has-text-align-center has-text-color has-link-color wp-elements-b886a6a779bab8acfa3298e1993058ee tw-block-animation tw-animation-fade-in-up\" style=\"color:#9d8c6f\"><em>&#8211; Merci aux familles de nos b\u00e9b\u00e9s pour leurs t\u00e9moignages sur notre Livre d&rsquo;or ! &#8211;<\/em><\/p>\n<\/div><\/div>\n\n\n\n<div class=\"wp-block-group alignfull has-background tw-top-shape-organic tw-bottom-shape-organic\" style=\"background-color:#dccebf\"><div class=\"wp-block-group__inner-container is-layout-flow wp-block-group-is-layout-flow\"><div class=\"wp-block-image\">\n<figure class=\"aligncenter size-full is-resized\"><img loading=\"lazy\" decoding=\"async\" width=\"237\" height=\"230\" src=\"https:\/\/chats-sacredebirmanie.fr\/site\/wp-content\/uploads\/2024\/04\/papillon1.png\" alt=\"\" class=\"wp-image-722\" style=\"width:89px;height:auto\"\/><\/figure>\n<\/div><\/div><\/div>\n","protected":false},"excerpt":{"rendered":"","protected":false},"author":1,"featured_media":0,"parent":0,"menu_order":0,"comment_status":"open","ping_status":"closed","template":"tw-header-transparent.php","meta":{"footnotes":""},"class_list":["post-59","page","type-page","status-publish","hentry","entry"],"_links":{"self":[{"href":"https:\/\/chats-sacredebirmanie.fr\/site\/wp-json\/wp\/v2\/pages\/59","targetHints":{"allow":["GET"]}}],"collection":[{"href":"https:\/\/chats-sacredebirmanie.fr\/site\/wp-json\/wp\/v2\/pages"}],"about":[{"href":"https:\/\/chats-sacredebirmanie.fr\/site\/wp-json\/wp\/v2\/types\/page"}],"author":[{"embeddable":true,"href":"https:\/\/chats-sacredebirmanie.fr\/site\/wp-json\/wp\/v2\/users\/1"}],"replies":[{"embeddable":true,"href":"https:\/\/chats-sacredebirmanie.fr\/site\/wp-json\/wp\/v2\/comments?post=59"}],"version-history":[{"count":0,"href":"https:\/\/chats-sacredebirmanie.fr\/site\/wp-json\/wp\/v2\/pages\/59\/revisions"}],"wp:attachment":[{"href":"https:\/\/chats-sacredebirmanie.fr\/site\/wp-json\/wp\/v2\/media?parent=59"}],"curies":[{"name":"wp","href":"https:\/\/api.w.org\/{rel}","templated":true}]}}