{"id":50,"date":"2024-03-25T15:03:20","date_gmt":"2024-03-25T14:03:20","guid":{"rendered":"https:\/\/chats-sacredebirmanie.fr\/?page_id=50"},"modified":"2025-09-12T23:31:40","modified_gmt":"2025-09-12T21:31:40","slug":"nos-naissances","status":"publish","type":"page","link":"https:\/\/chats-sacredebirmanie.fr\/site\/nos-naissances\/","title":{"rendered":"Nos naissances"},"content":{"rendered":"\n<div class=\"wp-block-cover alignfull is-light\" style=\"min-height:50vh;aspect-ratio:unset;\"><span aria-hidden=\"true\" class=\"wp-block-cover__background has-background-dim-100 has-background-dim\" style=\"background-color:#dddeaa\"><\/span><div class=\"wp-block-cover__inner-container is-layout-flow wp-block-cover-is-layout-flow\">\n<h1 class=\"wp-block-heading has-text-align-center has-text-color has-link-color wp-elements-bb7984b41cadd4a28107a440dd68cea6\" style=\"color:#314153\">Nos naissances<\/h1>\n\n\n\n<p class=\"has-text-align-center has-text-color has-link-color has-small-font-size wp-elements-991187306f38af9cfc1534bf4d34606b tw-block-animation tw-animation-fade-in-up\" style=\"color:#9d8c6f\"><em>&#8211; \u00ab\u00a0Tu deviens responsable pour toujours de ce que tu as apprivois\u00e9\u00a0\u00bb Saint-Exup\u00e9ry &#8211;<\/em><\/p>\n<\/div><\/div>\n\n\n\n<div class=\"wp-block-group alignfull has-background tw-top-shape-organic\" style=\"background-color:#dccebf\"><div class=\"wp-block-group__inner-container is-layout-flow wp-block-group-is-layout-flow\">\n<div class=\"wp-block-columns are-vertically-aligned-center tw-cols-stack-sm is-layout-flex wp-container-core-columns-is-layout-d0b3c9c8 wp-block-columns-is-layout-flex\">\n<div class=\"wp-block-column is-vertically-aligned-center is-layout-flow wp-block-column-is-layout-flow\" style=\"--col-width:30%;flex-basis:30%\">\n<figure style=\"--shape: url(#tw-shape-squircle);\" class=\"wp-block-image size-full is-style-tw-rounded-corners\"><img loading=\"lazy\" decoding=\"async\" width=\"1000\" height=\"750\" src=\"https:\/\/chats-sacredebirmanie.fr\/site\/wp-content\/uploads\/2024\/05\/xep1-10_JUIN_2_.jpg\" alt=\"\" class=\"wp-image-860\" srcset=\"https:\/\/chats-sacredebirmanie.fr\/site\/wp-content\/uploads\/2024\/05\/xep1-10_JUIN_2_.jpg 1000w, https:\/\/chats-sacredebirmanie.fr\/site\/wp-content\/uploads\/2024\/05\/xep1-10_JUIN_2_-300x225.jpg 300w, https:\/\/chats-sacredebirmanie.fr\/site\/wp-content\/uploads\/2024\/05\/xep1-10_JUIN_2_-768x576.jpg 768w\" sizes=\"auto, (max-width: 1000px) 100vw, 1000px\" \/><\/figure>\n<\/div>\n\n\n\n<div class=\"wp-block-column is-vertically-aligned-center is-layout-flow wp-block-column-is-layout-flow\" style=\"--col-width:70%;flex-basis:70%\">\n<p class=\"tw-mb-2\">Les chatons restent avec leur maman <strong>pendant le temps n\u00e9cessaire \u00e0 leur \u00e9ducation et \u00e0 leur bien-\u00eatre<\/strong>. Afin de les prot\u00e9ger des dangers domestiques et des risques de maladie, ils restent dans les nurseries jusqu&rsquo;au 1er vaccin.<\/p>\n<\/div>\n<\/div>\n\n\n\n<div class=\"wp-block-columns are-vertically-aligned-center tw-cols-stack-sm is-layout-flex wp-container-core-columns-is-layout-d0b3c9c8 wp-block-columns-is-layout-flex\">\n<div class=\"wp-block-column is-vertically-aligned-center is-layout-flow wp-block-column-is-layout-flow\" style=\"--col-width:70%;flex-basis:70%\">\n<p class=\"tw-mb-0\">Ils sont manipul\u00e9s tr\u00e8s t\u00f4t, pes\u00e9s tous les jours et suivis attentivement. <strong>Nous sommes tr\u00e8s vigilants sur l&rsquo;hygi\u00e8ne de nos nurseries<\/strong> qui sont aussi nos chambres.<\/p>\n<\/div>\n\n\n\n<div class=\"wp-block-column is-vertically-aligned-center is-layout-flow wp-block-column-is-layout-flow\" style=\"--col-width:30%;flex-basis:30%\">\n<figure style=\"--shape: url(#tw-shape-squircle);\" class=\"wp-block-image size-full is-style-tw-rounded-corners\"><img loading=\"lazy\" decoding=\"async\" width=\"1000\" height=\"854\" src=\"https:\/\/chats-sacredebirmanie.fr\/site\/wp-content\/uploads\/2024\/05\/xeos-7_JUIN_13_.jpg\" alt=\"\" class=\"wp-image-864\" srcset=\"https:\/\/chats-sacredebirmanie.fr\/site\/wp-content\/uploads\/2024\/05\/xeos-7_JUIN_13_.jpg 1000w, https:\/\/chats-sacredebirmanie.fr\/site\/wp-content\/uploads\/2024\/05\/xeos-7_JUIN_13_-300x256.jpg 300w, https:\/\/chats-sacredebirmanie.fr\/site\/wp-content\/uploads\/2024\/05\/xeos-7_JUIN_13_-768x656.jpg 768w\" sizes=\"auto, (max-width: 1000px) 100vw, 1000px\" \/><\/figure>\n<\/div>\n<\/div>\n\n\n\n<div class=\"wp-block-columns are-vertically-aligned-center tw-cols-stack-sm is-layout-flex wp-container-core-columns-is-layout-d0b3c9c8 wp-block-columns-is-layout-flex\">\n<div class=\"wp-block-column is-vertically-aligned-center is-layout-flow wp-block-column-is-layout-flow\" style=\"--col-width:30%;flex-basis:30%\">\n<figure style=\"--shape: url(#tw-shape-squircle);\" class=\"wp-block-image size-full is-style-tw-rounded-corners\"><img loading=\"lazy\" decoding=\"async\" width=\"1000\" height=\"882\" src=\"https:\/\/chats-sacredebirmanie.fr\/site\/wp-content\/uploads\/2024\/05\/xdaa-12_AVRIL_modif_016.jpg\" alt=\"\" class=\"wp-image-865\" srcset=\"https:\/\/chats-sacredebirmanie.fr\/site\/wp-content\/uploads\/2024\/05\/xdaa-12_AVRIL_modif_016.jpg 1000w, https:\/\/chats-sacredebirmanie.fr\/site\/wp-content\/uploads\/2024\/05\/xdaa-12_AVRIL_modif_016-300x265.jpg 300w, https:\/\/chats-sacredebirmanie.fr\/site\/wp-content\/uploads\/2024\/05\/xdaa-12_AVRIL_modif_016-768x677.jpg 768w\" sizes=\"auto, (max-width: 1000px) 100vw, 1000px\" \/><\/figure>\n<\/div>\n\n\n\n<div class=\"wp-block-column is-vertically-aligned-center is-layout-flow wp-block-column-is-layout-flow\" style=\"--col-width:70%;flex-basis:70%\">\n<p class=\"tw-mb-0\">Comme tous les b\u00e9b\u00e9s, <strong>ils ont besoin de calme et de sommeil pour bien grandir<\/strong> puis ils s&rsquo;\u00e9veillent \u00e0 la vie gr\u00e2ce \u00e0 l&rsquo;\u00e9ducation de leur maman, et \u00e0 la sociabilisation \u00e0 laquelle participe toute la famille afin de les habituer aux bruits et aux mouvements de la vie d&rsquo;une maison.<\/p>\n<\/div>\n<\/div>\n\n\n\n<div class=\"wp-block-columns are-vertically-aligned-center tw-cols-stack-sm is-layout-flex wp-container-core-columns-is-layout-d0b3c9c8 wp-block-columns-is-layout-flex\">\n<div class=\"wp-block-column is-vertically-aligned-center is-layout-flow wp-block-column-is-layout-flow\" style=\"--col-width:70%;flex-basis:70%\">\n<p class=\"tw-mb-0\"><strong>S\u00e9lection, \u00e9ducation et sociabilisation<\/strong> nous permettent de vous offrir de beaux chatons \u00e9quilibr\u00e9s, \u00e0 l&rsquo;aise dans leurs chaussons blancs, pr\u00eats \u00e0 commencer avec vous une longue vie de chat o\u00f9 complicit\u00e9s, jeux, c\u00e2lins et ronrons seront au rendez-vous.<\/p>\n<\/div>\n\n\n\n<div class=\"wp-block-column is-vertically-aligned-center is-layout-flow wp-block-column-is-layout-flow\" style=\"--col-width:30%;flex-basis:30%\">\n<figure style=\"--shape: url(#tw-shape-squircle);\" class=\"wp-block-image size-full is-style-tw-rounded-corners\"><img loading=\"lazy\" decoding=\"async\" width=\"640\" height=\"480\" src=\"https:\/\/chats-sacredebirmanie.fr\/site\/wp-content\/uploads\/2024\/05\/69nns-5_AVRIL_041.jpg\" alt=\"\" class=\"wp-image-867\" srcset=\"https:\/\/chats-sacredebirmanie.fr\/site\/wp-content\/uploads\/2024\/05\/69nns-5_AVRIL_041.jpg 640w, https:\/\/chats-sacredebirmanie.fr\/site\/wp-content\/uploads\/2024\/05\/69nns-5_AVRIL_041-300x225.jpg 300w\" sizes=\"auto, (max-width: 640px) 100vw, 640px\" \/><\/figure>\n<\/div>\n<\/div>\n\n\n\n<div class=\"wp-block-group alignfull has-yellow-background-color has-background tw-top-shape-organic tw-bottom-shape-organic\"><div class=\"wp-block-group__inner-container is-layout-flow wp-block-group-is-layout-flow\">\n<p class=\"has-text-align-center has-h-3-font-size\" style=\"line-height:1.4\">Merci aux familles de nos b\u00e9b\u00e9s pour les nouvelles de leurs petits bouts de choux, et pour <a href=\"https:\/\/chats-sacredebirmanie.fr\/livre-d-or\/\" data-type=\"page\" data-id=\"59\">leurs t\u00e9moignages&nbsp;de leurs belles histoires f\u00e9lines sur notre Livre d&rsquo;or.<\/a><\/p>\n\n\n\n<div class=\"wp-block-buttons is-content-justification-center is-layout-flex wp-container-core-buttons-is-layout-a89b3969 wp-block-buttons-is-layout-flex\">\n<div class=\"wp-block-button\"><a class=\"wp-block-button__link wp-element-button\" href=\"https:\/\/chats-sacredebirmanie.fr\/site\/livre-d-or\/\">Lire les t\u00e9moignages<\/a><\/div>\n<\/div>\n<\/div><\/div>\n\n\n\n<div class=\"wp-block-columns alignwide are-vertically-aligned-center tw-cols-stack-sm is-layout-flex wp-container-core-columns-is-layout-d0b3c9c8 wp-block-columns-is-layout-flex\">\n<div class=\"wp-block-column is-vertically-aligned-center is-layout-flow wp-block-column-is-layout-flow\" style=\"--col-width:70%;flex-basis:70%\">\n<p>Nos chatons sont en p\u00e9riode d\u2019\u00e9valuation :<\/p>\n\n\n\n<ul class=\"wp-block-list\">\n<li>soit en <strong>observation<\/strong> pour notre chatterie ou une chatterie int\u00e9ress\u00e9e<\/li>\n\n\n\n<li>soit en <strong>option<\/strong> (1,2,3&#8230;) parce qu&rsquo;une ou plusieurs personnes suivent leur \u00e9volution ou attendent la visite \u00e0 la chatterie avant de prendre une d\u00e9cision d\u00e9finitive assortie d&rsquo;une <strong>r\u00e9servation<\/strong>.<\/li>\n<\/ul>\n\n\n\n<p>Vous pouvez encore poser une option sur un chaton \u00ab\u00a0sous option\u00a0\u00bb car il peut redevenir <strong>\u00e0 r\u00e9server <\/strong>ou <strong>disponible<\/strong> \u00e0 tout moment.<\/p>\n<\/div>\n\n\n\n<div class=\"wp-block-column is-vertically-aligned-center is-layout-flow wp-block-column-is-layout-flow\" style=\"--col-width:30%;flex-basis:30%\">\n<figure style=\"--shape: url(#tw-shape-squircle);\" class=\"wp-block-image size-full is-style-tw-rounded-corners\"><img loading=\"lazy\" decoding=\"async\" width=\"640\" height=\"480\" src=\"https:\/\/chats-sacredebirmanie.fr\/site\/wp-content\/uploads\/2024\/05\/69ndk-Photo_036.jpg\" alt=\"\" class=\"wp-image-870\" srcset=\"https:\/\/chats-sacredebirmanie.fr\/site\/wp-content\/uploads\/2024\/05\/69ndk-Photo_036.jpg 640w, https:\/\/chats-sacredebirmanie.fr\/site\/wp-content\/uploads\/2024\/05\/69ndk-Photo_036-300x225.jpg 300w\" sizes=\"auto, (max-width: 640px) 100vw, 640px\" \/><\/figure>\n<\/div>\n<\/div>\n<\/div><\/div>\n","protected":false},"excerpt":{"rendered":"<p>Les chatons restent avec leur maman pendant le temps n\u00e9cessaire \u00e0 leur \u00e9ducation et \u00e0 leur bien-\u00eatre. Afin de les prot\u00e9ger des dangers domestiques et des risques de maladie, ils restent dans les nurseries jusqu&rsquo;au 1er vaccin. Ils sont manipul\u00e9s tr\u00e8s t\u00f4t, pes\u00e9s tous les jours et suivis attentivement. Nous sommes tr\u00e8s vigilants sur l&rsquo;hygi\u00e8ne&hellip; <a class=\"more-link\" href=\"https:\/\/chats-sacredebirmanie.fr\/site\/nos-naissances\/\">Poursuivre la lecture <span class=\"screen-reader-text\">Nos naissances<\/span><\/a><\/p>\n","protected":false},"author":1,"featured_media":0,"parent":0,"menu_order":0,"comment_status":"closed","ping_status":"closed","template":"tw-header-transparent.php","meta":{"footnotes":""},"class_list":["post-50","page","type-page","status-publish","hentry","entry"],"_links":{"self":[{"href":"https:\/\/chats-sacredebirmanie.fr\/site\/wp-json\/wp\/v2\/pages\/50","targetHints":{"allow":["GET"]}}],"collection":[{"href":"https:\/\/chats-sacredebirmanie.fr\/site\/wp-json\/wp\/v2\/pages"}],"about":[{"href":"https:\/\/chats-sacredebirmanie.fr\/site\/wp-json\/wp\/v2\/types\/page"}],"author":[{"embeddable":true,"href":"https:\/\/chats-sacredebirmanie.fr\/site\/wp-json\/wp\/v2\/users\/1"}],"replies":[{"embeddable":true,"href":"https:\/\/chats-sacredebirmanie.fr\/site\/wp-json\/wp\/v2\/comments?post=50"}],"version-history":[{"count":1,"href":"https:\/\/chats-sacredebirmanie.fr\/site\/wp-json\/wp\/v2\/pages\/50\/revisions"}],"predecessor-version":[{"id":1132,"href":"https:\/\/chats-sacredebirmanie.fr\/site\/wp-json\/wp\/v2\/pages\/50\/revisions\/1132"}],"wp:attachment":[{"href":"https:\/\/chats-sacredebirmanie.fr\/site\/wp-json\/wp\/v2\/media?parent=50"}],"curies":[{"name":"wp","href":"https:\/\/api.w.org\/{rel}","templated":true}]}}