{"id":18,"date":"2024-03-18T18:39:45","date_gmt":"2024-03-18T17:39:45","guid":{"rendered":"https:\/\/chats-sacredebirmanie.fr\/?page_id=18"},"modified":"2024-03-18T18:39:45","modified_gmt":"2024-03-18T17:39:45","slug":"nos-femelles","status":"publish","type":"page","link":"https:\/\/chats-sacredebirmanie.fr\/site\/nos-femelles\/","title":{"rendered":"Nos femelles"},"content":{"rendered":"\n<div class=\"wp-block-cover alignfull is-light wp-elements-8b5fbe9c56e67e679c8383803092094d\" style=\"min-height:60vh;aspect-ratio:unset;\"><span aria-hidden=\"true\" class=\"wp-block-cover__background has-background-dim-100 has-background-dim\" style=\"background-color:#dddeaa\"><\/span><div class=\"wp-block-cover__inner-container is-layout-flow wp-block-cover-is-layout-flow\">\n<h1 class=\"wp-block-heading has-text-align-center has-text-color has-link-color wp-elements-6f0c7e14a9b835880cf8a72a0751d5b7\" style=\"color:#314153\">Nos femelles<\/h1>\n\n\n\n<p class=\"has-text-align-center has-text-color has-link-color has-small-font-size wp-elements-66c42054a72a6fba303e162ba185ec59 tw-block-animation tw-animation-fade-in-up\" style=\"color:#9d8c6f\"><em>&#8211; \u00ab\u00a0Si vous \u00eates digne de son affection, un chat deviendra votre ami, mais jamais votre esclave\u00a0\u00bb T.Gauthier<\/em> &#8211;<\/p>\n<\/div><\/div>\n\n\n\n<div class=\"wp-block-group alignfull has-background tw-top-shape-organic tw-bottom-shape-organic\" style=\"background-color:#dccebf;padding-right:0rem;padding-left:0rem\"><div class=\"wp-block-group__inner-container is-layout-constrained wp-container-core-group-is-layout-14e201f7 wp-block-group-is-layout-constrained\">\n<div class=\"wp-block-media-text alignwide is-stacked-on-mobile is-vertically-aligned-center is-style-tw-overlap has-white-background-color has-background tw-block-animation tw-animation-fade-in-up\"><figure class=\"wp-block-media-text__media\"><img loading=\"lazy\" decoding=\"async\" width=\"480\" height=\"640\" src=\"https:\/\/chats-sacredebirmanie.fr\/site\/wp-content\/uploads\/2024\/04\/rosalie-1.jpg\" alt=\"\" class=\"wp-image-252 size-full\" srcset=\"https:\/\/chats-sacredebirmanie.fr\/site\/wp-content\/uploads\/2024\/04\/rosalie-1.jpg 480w, https:\/\/chats-sacredebirmanie.fr\/site\/wp-content\/uploads\/2024\/04\/rosalie-1-225x300.jpg 225w\" sizes=\"auto, (max-width: 480px) 100vw, 480px\" \/><\/figure><div class=\"wp-block-media-text__content\">\n<h3 class=\"wp-block-heading has-text-align-center\"><strong>Rosalie des Amours Birmanes<\/strong><\/h3>\n\n\n<div class=\"wp-block-image\">\n<figure class=\"aligncenter size-full is-resized\"><img loading=\"lazy\" decoding=\"async\" width=\"283\" height=\"274\" src=\"https:\/\/chats-sacredebirmanie.fr\/site\/wp-content\/uploads\/2024\/04\/plante3.png\" alt=\"\" class=\"wp-image-625\" style=\"width:88px;height:auto\"\/><\/figure>\n<\/div>\n\n\n<p class=\"has-text-align-center\">\u2013&nbsp;<strong>Maman confirm\u00e9e<\/strong>&nbsp;\u2013<\/p>\n\n\n\n<p>Femelle Blue Tabby point n\u00e9e le 20\/01\/2020. Une adorable petite puce avec une bouille de tendresse&#8230; C&rsquo;est notre chat&rsquo;tertton. Fille d&rsquo;Idyllle et petite-fille de F\u00e9linement V\u00f4tre.<\/p>\n\n\n\n<p><em>Surnom<\/em> : la Glue<br><em>Pr\u00e9f\u00e9rence<\/em> : mendier \u00e0 table, une gourmande !<br><em>Particularit\u00e9<\/em> : se t\u00e9touille les poils.<\/p>\n\n\n\n<figure class=\"wp-block-gallery has-nested-images columns-default is-cropped is-style-tw-img-rounded tw-img-ratio-1-1 wp-block-gallery-1 is-layout-flex wp-block-gallery-is-layout-flex\">\n<figure class=\"wp-block-image size-large\"><a href=\"https:\/\/chats-sacredebirmanie.fr\/site\/wp-content\/uploads\/2024\/04\/rosalie-3.jpg\" data-rel=\"lightbox-image-0\" data-magnific_type=\"image\" data-rl_title=\"rosalie-3\" data-rl_caption=\"\" title=\"rosalie-3\"><img loading=\"lazy\" decoding=\"async\" width=\"480\" height=\"640\" data-id=\"251\" src=\"https:\/\/chats-sacredebirmanie.fr\/site\/wp-content\/uploads\/2024\/04\/rosalie-3.jpg\" alt=\"\" class=\"wp-image-251\" srcset=\"https:\/\/chats-sacredebirmanie.fr\/site\/wp-content\/uploads\/2024\/04\/rosalie-3.jpg 480w, https:\/\/chats-sacredebirmanie.fr\/site\/wp-content\/uploads\/2024\/04\/rosalie-3-225x300.jpg 225w\" sizes=\"auto, (max-width: 480px) 100vw, 480px\" \/><\/a><\/figure>\n\n\n\n<figure class=\"wp-block-image size-large\"><a href=\"https:\/\/chats-sacredebirmanie.fr\/site\/wp-content\/uploads\/2024\/04\/rosalie-2.jpg\" data-rel=\"lightbox-image-1\" data-magnific_type=\"image\" data-rl_title=\"rosalie-2\" data-rl_caption=\"\" title=\"rosalie-2\"><img loading=\"lazy\" decoding=\"async\" width=\"640\" height=\"480\" data-id=\"253\" src=\"https:\/\/chats-sacredebirmanie.fr\/site\/wp-content\/uploads\/2024\/04\/rosalie-2.jpg\" alt=\"\" class=\"wp-image-253\" srcset=\"https:\/\/chats-sacredebirmanie.fr\/site\/wp-content\/uploads\/2024\/04\/rosalie-2.jpg 640w, https:\/\/chats-sacredebirmanie.fr\/site\/wp-content\/uploads\/2024\/04\/rosalie-2-300x225.jpg 300w\" sizes=\"auto, (max-width: 640px) 100vw, 640px\" \/><\/a><\/figure>\n<\/figure>\n<\/div><\/div>\n\n\n\n<div class=\"wp-block-media-text has-media-on-the-right is-stacked-on-mobile is-vertically-aligned-center alignwide is-style-tw-overlap has-white-background-color has-background tw-block-animation tw-animation-fade-in-up\" style=\"grid-template-columns:auto 60%\"><div class=\"wp-block-media-text__content\">\n<h3 class=\"wp-block-heading has-text-align-center\">Pomme d&rsquo;Amour des Amours Birmanes<\/h3>\n\n\n<div class=\"wp-block-image\">\n<figure class=\"aligncenter size-full is-resized\"><img loading=\"lazy\" decoding=\"async\" width=\"424\" height=\"387\" src=\"https:\/\/chats-sacredebirmanie.fr\/site\/wp-content\/uploads\/2024\/05\/plante4.png\" alt=\"\" class=\"wp-image-847\" style=\"width:84px;height:auto\" srcset=\"https:\/\/chats-sacredebirmanie.fr\/site\/wp-content\/uploads\/2024\/05\/plante4.png 424w, https:\/\/chats-sacredebirmanie.fr\/site\/wp-content\/uploads\/2024\/05\/plante4-300x274.png 300w\" sizes=\"auto, (max-width: 424px) 100vw, 424px\" \/><\/figure>\n<\/div>\n\n\n<p class=\"has-text-align-center\">\u2013&nbsp;<strong>Future cr\u00e9atrice de nos b\u00e9b\u00e9s<\/strong>&nbsp;\u2013<\/p>\n\n\n\n<p>Femelle chocolat Silver Tabby Point, n\u00e9e le 11\/07\/2019. Comme maman, son silver et d&rsquo;une grande luminosit\u00e9.<\/p>\n\n\n\n<p><em>Surnom<\/em> : Pomette<br><em>Pr\u00e9f\u00e9rence<\/em> : les genoux<br><em>Particularit\u00e9<\/em> : tout dans le regard ressemble tellement \u00e0 sa maman disparue, qui nous manque.<\/p>\n\n\n\n<figure class=\"wp-block-gallery has-nested-images columns-default is-cropped is-style-tw-img-rounded tw-img-ratio-1-1 wp-block-gallery-2 is-layout-flex wp-block-gallery-is-layout-flex\">\n<figure class=\"wp-block-image size-medium is-style-tw-rounded-corners\"><a href=\"https:\/\/chats-sacredebirmanie.fr\/site\/wp-content\/uploads\/2024\/04\/pomme1.jpg\" data-rel=\"lightbox-image-2\" data-magnific_type=\"image\" data-rl_title=\"pomme1\" data-rl_caption=\"\" title=\"pomme1\"><img loading=\"lazy\" decoding=\"async\" width=\"300\" height=\"225\" data-id=\"247\" src=\"https:\/\/chats-sacredebirmanie.fr\/site\/wp-content\/uploads\/2024\/04\/pomme1-300x225.jpg\" alt=\"\" class=\"wp-image-247\" srcset=\"https:\/\/chats-sacredebirmanie.fr\/site\/wp-content\/uploads\/2024\/04\/pomme1-300x225.jpg 300w, https:\/\/chats-sacredebirmanie.fr\/site\/wp-content\/uploads\/2024\/04\/pomme1.jpg 400w\" sizes=\"auto, (max-width: 300px) 100vw, 300px\" \/><\/a><\/figure>\n\n\n\n<figure class=\"wp-block-image size-medium is-style-tw-rounded-corners\"><a href=\"https:\/\/chats-sacredebirmanie.fr\/site\/wp-content\/uploads\/2024\/04\/pomme3.jpg\" data-rel=\"lightbox-image-3\" data-magnific_type=\"image\" data-rl_title=\"pomme3\" data-rl_caption=\"\" title=\"pomme3\"><img loading=\"lazy\" decoding=\"async\" width=\"300\" height=\"139\" data-id=\"248\" src=\"https:\/\/chats-sacredebirmanie.fr\/site\/wp-content\/uploads\/2024\/04\/pomme3-300x139.jpg\" alt=\"\" class=\"wp-image-248\" srcset=\"https:\/\/chats-sacredebirmanie.fr\/site\/wp-content\/uploads\/2024\/04\/pomme3-300x139.jpg 300w, https:\/\/chats-sacredebirmanie.fr\/site\/wp-content\/uploads\/2024\/04\/pomme3.jpg 640w\" sizes=\"auto, (max-width: 300px) 100vw, 300px\" \/><\/a><\/figure>\n<\/figure>\n<\/div><figure class=\"wp-block-media-text__media\"><img loading=\"lazy\" decoding=\"async\" width=\"1000\" height=\"667\" src=\"https:\/\/chats-sacredebirmanie.fr\/site\/wp-content\/uploads\/2024\/04\/pomme2.jpg\" alt=\"\" class=\"wp-image-246 size-full\" srcset=\"https:\/\/chats-sacredebirmanie.fr\/site\/wp-content\/uploads\/2024\/04\/pomme2.jpg 1000w, https:\/\/chats-sacredebirmanie.fr\/site\/wp-content\/uploads\/2024\/04\/pomme2-300x200.jpg 300w, https:\/\/chats-sacredebirmanie.fr\/site\/wp-content\/uploads\/2024\/04\/pomme2-768x512.jpg 768w\" sizes=\"auto, (max-width: 1000px) 100vw, 1000px\" \/><\/figure><\/div>\n\n\n\n<div class=\"wp-block-media-text alignwide is-vertically-aligned-center is-stacked-on-mobile is-style-tw-overlap tw-lg-hidden tw-md-hidden tw-sm-hidden has-white-background-color has-background tw-block-animation tw-animation-fade-in-up\" style=\"grid-template-columns:54% auto\"><figure class=\"wp-block-media-text__media\"><img loading=\"lazy\" decoding=\"async\" width=\"480\" height=\"640\" src=\"https:\/\/chats-sacredebirmanie.fr\/site\/wp-content\/uploads\/2024\/04\/sybelle-1.jpg\" alt=\"\" class=\"wp-image-213 size-full\" srcset=\"https:\/\/chats-sacredebirmanie.fr\/site\/wp-content\/uploads\/2024\/04\/sybelle-1.jpg 480w, https:\/\/chats-sacredebirmanie.fr\/site\/wp-content\/uploads\/2024\/04\/sybelle-1-225x300.jpg 225w\" sizes=\"auto, (max-width: 480px) 100vw, 480px\" \/><\/figure><div class=\"wp-block-media-text__content\">\n<h3 class=\"wp-block-heading has-text-align-center\">Sy\u2019Belle Cinna des Amours Birmanes<\/h3>\n\n\n<div class=\"wp-block-image\">\n<figure class=\"aligncenter size-full is-resized\"><img loading=\"lazy\" decoding=\"async\" width=\"223\" height=\"143\" src=\"https:\/\/chats-sacredebirmanie.fr\/site\/wp-content\/uploads\/2024\/04\/feuilles.png\" alt=\"\" class=\"wp-image-623\" style=\"width:97px;height:auto\"\/><\/figure>\n<\/div>\n\n\n<p class=\"has-text-align-center\">\u2013&nbsp;<strong>Future retrait\u00e9e<\/strong>&nbsp;\u2013<\/p>\n\n\n\n<p>Sy\u2019Belle Cinna, notre r\u00eave Cinnamon Smoke, n\u00e9e le 14\/08\/2021\u2026.. Mona Lisa nous a offert deux gourmandises \u00e9pic\u00e9es : Sy Belle et Sy Beau.<\/p>\n\n\n\n<p><em>Surnom<\/em> : Ma toutebellle<br><em>Pr\u00e9f\u00e9rence<\/em> : \u00eatre tranquille<br><em>Particularit\u00e9<\/em> : caract\u00e8re de lionne sauvage<\/p>\n\n\n\n<figure class=\"wp-block-gallery has-nested-images columns-default is-cropped tw-img-ratio-1-1 wp-block-gallery-3 is-layout-flex wp-block-gallery-is-layout-flex\">\n<figure class=\"wp-block-image size-medium is-style-tw-rounded-corners\"><a href=\"https:\/\/chats-sacredebirmanie.fr\/site\/wp-content\/uploads\/2024\/04\/sybelle-2.jpg\" data-rel=\"lightbox-image-4\" data-magnific_type=\"image\" data-rl_title=\"sybelle-2\" data-rl_caption=\"Sy&#039;Belle\" title=\"sybelle-2\"><img loading=\"lazy\" decoding=\"async\" width=\"251\" height=\"300\" data-id=\"214\" src=\"https:\/\/chats-sacredebirmanie.fr\/site\/wp-content\/uploads\/2024\/04\/sybelle-2-251x300.jpg\" alt=\"\" class=\"wp-image-214\" srcset=\"https:\/\/chats-sacredebirmanie.fr\/site\/wp-content\/uploads\/2024\/04\/sybelle-2-251x300.jpg 251w, https:\/\/chats-sacredebirmanie.fr\/site\/wp-content\/uploads\/2024\/04\/sybelle-2.jpg 536w\" sizes=\"auto, (max-width: 251px) 100vw, 251px\" \/><\/a><\/figure>\n\n\n\n<figure class=\"wp-block-image size-medium is-style-tw-rounded-corners\"><a href=\"https:\/\/chats-sacredebirmanie.fr\/site\/wp-content\/uploads\/2024\/04\/sybelle3.jpg\" data-rel=\"lightbox-image-5\" data-magnific_type=\"image\" data-rl_title=\"sybelle3\" data-rl_caption=\"Sy&#039;Belle\" title=\"sybelle3\"><img loading=\"lazy\" decoding=\"async\" width=\"225\" height=\"300\" data-id=\"215\" src=\"https:\/\/chats-sacredebirmanie.fr\/site\/wp-content\/uploads\/2024\/04\/sybelle3-225x300.jpg\" alt=\"\" class=\"wp-image-215\" srcset=\"https:\/\/chats-sacredebirmanie.fr\/site\/wp-content\/uploads\/2024\/04\/sybelle3-225x300.jpg 225w, https:\/\/chats-sacredebirmanie.fr\/site\/wp-content\/uploads\/2024\/04\/sybelle3.jpg 480w\" sizes=\"auto, (max-width: 225px) 100vw, 225px\" \/><\/a><\/figure>\n<\/figure>\n<\/div><\/div>\n\n\n\n<div class=\"wp-block-media-text alignwide is-vertically-aligned-center is-stacked-on-mobile is-style-tw-overlap has-white-background-color has-background tw-block-animation tw-animation-fade-in-up\" style=\"grid-template-columns:54% auto\"><figure class=\"wp-block-media-text__media\"><img loading=\"lazy\" decoding=\"async\" width=\"640\" height=\"480\" src=\"https:\/\/chats-sacredebirmanie.fr\/site\/wp-content\/uploads\/2024\/04\/sexy-1.jpg\" alt=\"\" class=\"wp-image-199 size-full\" srcset=\"https:\/\/chats-sacredebirmanie.fr\/site\/wp-content\/uploads\/2024\/04\/sexy-1.jpg 640w, https:\/\/chats-sacredebirmanie.fr\/site\/wp-content\/uploads\/2024\/04\/sexy-1-300x225.jpg 300w\" sizes=\"auto, (max-width: 640px) 100vw, 640px\" \/><\/figure><div class=\"wp-block-media-text__content\">\n<h3 class=\"wp-block-heading has-text-align-center\">Sexy du Sacr\u00e9 Roi<\/h3>\n\n\n<div class=\"wp-block-image\">\n<figure class=\"aligncenter size-full is-resized\"><img loading=\"lazy\" decoding=\"async\" width=\"283\" height=\"274\" src=\"https:\/\/chats-sacredebirmanie.fr\/site\/wp-content\/uploads\/2024\/04\/plante3.png\" alt=\"\" class=\"wp-image-625\" style=\"width:85px;height:auto\"\/><\/figure>\n<\/div>\n\n\n<p class=\"has-text-align-center\">\u2013&nbsp;<strong>Future cr\u00e9atrice de nos b\u00e9b\u00e9s<\/strong>&nbsp;\u2013<\/p>\n\n\n\n<p>Sexy est n\u00e9e le 03\/10\/2021. Magnifique Seal Tortie d\u2019un caract\u00e8re marqu\u00e9, mais douce et agr\u00e9able. Nous adorons le look mais aussi le caract\u00e8re des torties tr\u00e8s intelligentes et volontaires.<\/p>\n\n\n\n<p>Merci \u00e0 Jean-Luc de nous l\u2019avoir confi\u00e9e.<\/p>\n\n\n\n<p><em>Particularit\u00e9<\/em> : \u00e9met des cris d\u2019oiseau<\/p>\n\n\n<div class=\"wp-block-image is-style-tw-rounded-corners\">\n<figure class=\"aligncenter size-full is-resized\"><a href=\"https:\/\/chats-sacredebirmanie.fr\/site\/wp-content\/uploads\/2024\/04\/sexy-2.jpg\" data-rel=\"lightbox-image-6\" data-magnific_type=\"image\" data-rl_title=\"sexy-2\" data-rl_caption=\"\" title=\"sexy-2\"><img loading=\"lazy\" decoding=\"async\" width=\"640\" height=\"480\" src=\"https:\/\/chats-sacredebirmanie.fr\/site\/wp-content\/uploads\/2024\/04\/sexy-2.jpg\" alt=\"\" class=\"wp-image-200\" style=\"aspect-ratio:1;object-fit:cover;width:200px\" srcset=\"https:\/\/chats-sacredebirmanie.fr\/site\/wp-content\/uploads\/2024\/04\/sexy-2.jpg 640w, https:\/\/chats-sacredebirmanie.fr\/site\/wp-content\/uploads\/2024\/04\/sexy-2-300x225.jpg 300w\" sizes=\"auto, (max-width: 640px) 100vw, 640px\" \/><\/a><\/figure>\n<\/div><\/div><\/div>\n\n\n\n<div class=\"wp-block-media-text alignwide has-media-on-the-right is-vertically-aligned-center is-stacked-on-mobile is-style-tw-overlap has-white-background-color has-background tw-block-animation tw-animation-fade-in-up\" style=\"grid-template-columns:auto 54%\"><div class=\"wp-block-media-text__content\">\n<h3 class=\"wp-block-heading has-text-align-center\">Salom\u00e9e des Amours Birmanes<\/h3>\n\n\n<div class=\"wp-block-image\">\n<figure class=\"aligncenter size-full is-resized\"><img loading=\"lazy\" decoding=\"async\" width=\"487\" height=\"348\" src=\"https:\/\/chats-sacredebirmanie.fr\/site\/wp-content\/uploads\/2024\/04\/plante6-1.png\" alt=\"\" class=\"wp-image-720\" style=\"width:97px;height:auto\" srcset=\"https:\/\/chats-sacredebirmanie.fr\/site\/wp-content\/uploads\/2024\/04\/plante6-1.png 487w, https:\/\/chats-sacredebirmanie.fr\/site\/wp-content\/uploads\/2024\/04\/plante6-1-300x214.png 300w\" sizes=\"auto, (max-width: 487px) 100vw, 487px\" \/><\/figure>\n<\/div>\n\n\n<p class=\"has-text-align-center\">\u2013\u00a0<strong>Maman confirm\u00e9e<\/strong>\u00a0\u2013<\/p>\n\n\n\n<p>Salom\u00e9e est n\u00e9e \u00e0 la maison le 22\/04\/2021. D\u2019une couleur douce comme son caract\u00e8re.<\/p>\n\n\n\n<p><em>Surnom<\/em> : Doudoune<br><em>Pr\u00e9f\u00e9rence<\/em> : dingue du plumeau<br><em>Particularit\u00e9<\/em> : maman tr\u00e8s attentive<\/p>\n\n\n<div class=\"wp-block-image is-style-tw-rounded-corners\">\n<figure class=\"aligncenter size-full is-resized\"><a href=\"https:\/\/chats-sacredebirmanie.fr\/site\/wp-content\/uploads\/2024\/04\/salomee-2.jpg\" data-rel=\"lightbox-image-7\" data-magnific_type=\"image\" data-rl_title=\"salomee-2\" data-rl_caption=\"Salom\u00e9e\" title=\"salomee-2\"><img loading=\"lazy\" decoding=\"async\" width=\"480\" height=\"640\" src=\"https:\/\/chats-sacredebirmanie.fr\/site\/wp-content\/uploads\/2024\/04\/salomee-2.jpg\" alt=\"\" class=\"wp-image-184\" style=\"aspect-ratio:1;object-fit:cover;width:200px\" srcset=\"https:\/\/chats-sacredebirmanie.fr\/site\/wp-content\/uploads\/2024\/04\/salomee-2.jpg 480w, https:\/\/chats-sacredebirmanie.fr\/site\/wp-content\/uploads\/2024\/04\/salomee-2-225x300.jpg 225w\" sizes=\"auto, (max-width: 480px) 100vw, 480px\" \/><\/a><\/figure>\n<\/div><\/div><figure class=\"wp-block-media-text__media\"><img loading=\"lazy\" decoding=\"async\" width=\"494\" height=\"640\" src=\"https:\/\/chats-sacredebirmanie.fr\/site\/wp-content\/uploads\/2024\/04\/salomee-1.jpg\" alt=\"\" class=\"wp-image-183 size-full\" srcset=\"https:\/\/chats-sacredebirmanie.fr\/site\/wp-content\/uploads\/2024\/04\/salomee-1.jpg 494w, https:\/\/chats-sacredebirmanie.fr\/site\/wp-content\/uploads\/2024\/04\/salomee-1-232x300.jpg 232w\" sizes=\"auto, (max-width: 494px) 100vw, 494px\" \/><\/figure><\/div>\n\n\n\n<div class=\"wp-block-media-text alignwide is-vertically-aligned-center is-stacked-on-mobile is-style-tw-overlap has-white-background-color has-background tw-block-animation tw-animation-fade-in-up\" style=\"grid-template-columns:54% auto\"><figure class=\"wp-block-media-text__media\"><img loading=\"lazy\" decoding=\"async\" width=\"480\" height=\"640\" src=\"https:\/\/chats-sacredebirmanie.fr\/site\/wp-content\/uploads\/2024\/06\/IMG_0143.jpg\" alt=\"\" class=\"wp-image-1027 size-full\" srcset=\"https:\/\/chats-sacredebirmanie.fr\/site\/wp-content\/uploads\/2024\/06\/IMG_0143.jpg 480w, https:\/\/chats-sacredebirmanie.fr\/site\/wp-content\/uploads\/2024\/06\/IMG_0143-225x300.jpg 225w\" sizes=\"auto, (max-width: 480px) 100vw, 480px\" \/><\/figure><div class=\"wp-block-media-text__content\">\n<h3 class=\"wp-block-heading has-text-align-center\">Zolie V\u00e9nus<\/h3>\n\n\n<div class=\"wp-block-image\">\n<figure class=\"aligncenter size-full is-resized\"><img loading=\"lazy\" decoding=\"async\" width=\"424\" height=\"387\" src=\"https:\/\/chats-sacredebirmanie.fr\/site\/wp-content\/uploads\/2024\/05\/plante4.png\" alt=\"\" class=\"wp-image-847\" style=\"width:97px;height:auto\" srcset=\"https:\/\/chats-sacredebirmanie.fr\/site\/wp-content\/uploads\/2024\/05\/plante4.png 424w, https:\/\/chats-sacredebirmanie.fr\/site\/wp-content\/uploads\/2024\/05\/plante4-300x274.png 300w\" sizes=\"auto, (max-width: 424px) 100vw, 424px\" \/><\/figure>\n<\/div>\n\n\n<p class=\"has-text-align-center\">\u2013&nbsp;<\/p>\n\n\n\n<p>Fille attendue de Swan et Salom\u00e9e, la petite Zolie V\u00e9nus est n\u00e9e le 08\/04\/2024. Elle porte le nom de la d\u00e9esse de l\u2019Amour, ch\u00e8re \u00e0 notre chatterie. Elle a h\u00e9rit\u00e9 du magnifique lilas de maman Salom\u00e9e.<\/p>\n\n\n\n<p><em>Surnom<\/em> : BB<br><em>Pr\u00e9f\u00e9rence<\/em> : Maman pour l&rsquo;instant<br><em>Particularit\u00e9<\/em> : m\u00eame expression que notre Chouchounette<\/p>\n\n\n\n<figure class=\"wp-block-gallery has-nested-images columns-default is-cropped is-style-tw-img-rounded tw-img-ratio-1-1 wp-block-gallery-4 is-layout-flex wp-block-gallery-is-layout-flex\">\n<figure class=\"wp-block-image size-medium is-style-tw-rounded-corners\"><a href=\"https:\/\/chats-sacredebirmanie.fr\/site\/wp-content\/uploads\/2024\/06\/IMG_0146.jpg\" data-rel=\"lightbox-image-8\" data-magnific_type=\"image\" data-rl_title=\"IMG_0146\" data-rl_caption=\"\" title=\"IMG_0146\"><img loading=\"lazy\" decoding=\"async\" width=\"225\" height=\"300\" data-id=\"1028\" src=\"https:\/\/chats-sacredebirmanie.fr\/site\/wp-content\/uploads\/2024\/06\/IMG_0146-225x300.jpg\" alt=\"\" class=\"wp-image-1028\" srcset=\"https:\/\/chats-sacredebirmanie.fr\/site\/wp-content\/uploads\/2024\/06\/IMG_0146-225x300.jpg 225w, https:\/\/chats-sacredebirmanie.fr\/site\/wp-content\/uploads\/2024\/06\/IMG_0146.jpg 480w\" sizes=\"auto, (max-width: 225px) 100vw, 225px\" \/><\/a><\/figure>\n\n\n\n<figure class=\"wp-block-image size-medium is-style-tw-rounded-corners\"><a href=\"https:\/\/chats-sacredebirmanie.fr\/site\/wp-content\/uploads\/2024\/06\/IMG_0165.jpg\" data-rel=\"lightbox-image-9\" data-magnific_type=\"image\" data-rl_title=\"IMG_0165\" data-rl_caption=\"\" title=\"IMG_0165\"><img loading=\"lazy\" decoding=\"async\" width=\"300\" height=\"225\" data-id=\"1029\" src=\"https:\/\/chats-sacredebirmanie.fr\/site\/wp-content\/uploads\/2024\/06\/IMG_0165-300x225.jpg\" alt=\"\" class=\"wp-image-1029\" srcset=\"https:\/\/chats-sacredebirmanie.fr\/site\/wp-content\/uploads\/2024\/06\/IMG_0165-300x225.jpg 300w, https:\/\/chats-sacredebirmanie.fr\/site\/wp-content\/uploads\/2024\/06\/IMG_0165.jpg 640w\" sizes=\"auto, (max-width: 300px) 100vw, 300px\" \/><\/a><\/figure>\n<\/figure>\n<\/div><\/div>\n<\/div><\/div>\n","protected":false},"excerpt":{"rendered":"<p>Rosalie des Amours Birmanes \u2013&nbsp;Maman confirm\u00e9e&nbsp;\u2013 Femelle Blue Tabby point n\u00e9e le 20\/01\/2020. Une adorable petite puce avec une bouille de tendresse&#8230; C&rsquo;est notre chat&rsquo;tertton. Fille d&rsquo;Idyllle et petite-fille de F\u00e9linement V\u00f4tre. Surnom : la GluePr\u00e9f\u00e9rence : mendier \u00e0 table, une gourmande !Particularit\u00e9 : se t\u00e9touille les poils. Pomme d&rsquo;Amour des Amours Birmanes \u2013&nbsp;Future cr\u00e9atrice&hellip; <a class=\"more-link\" href=\"https:\/\/chats-sacredebirmanie.fr\/site\/nos-femelles\/\">Poursuivre la lecture <span class=\"screen-reader-text\">Nos femelles<\/span><\/a><\/p>\n","protected":false},"author":1,"featured_media":0,"parent":0,"menu_order":0,"comment_status":"closed","ping_status":"closed","template":"tw-header-transparent.php","meta":{"footnotes":""},"class_list":["post-18","page","type-page","status-publish","hentry","entry"],"_links":{"self":[{"href":"https:\/\/chats-sacredebirmanie.fr\/site\/wp-json\/wp\/v2\/pages\/18","targetHints":{"allow":["GET"]}}],"collection":[{"href":"https:\/\/chats-sacredebirmanie.fr\/site\/wp-json\/wp\/v2\/pages"}],"about":[{"href":"https:\/\/chats-sacredebirmanie.fr\/site\/wp-json\/wp\/v2\/types\/page"}],"author":[{"embeddable":true,"href":"https:\/\/chats-sacredebirmanie.fr\/site\/wp-json\/wp\/v2\/users\/1"}],"replies":[{"embeddable":true,"href":"https:\/\/chats-sacredebirmanie.fr\/site\/wp-json\/wp\/v2\/comments?post=18"}],"version-history":[{"count":0,"href":"https:\/\/chats-sacredebirmanie.fr\/site\/wp-json\/wp\/v2\/pages\/18\/revisions"}],"wp:attachment":[{"href":"https:\/\/chats-sacredebirmanie.fr\/site\/wp-json\/wp\/v2\/media?parent=18"}],"curies":[{"name":"wp","href":"https:\/\/api.w.org\/{rel}","templated":true}]}}