{"id":17,"date":"2024-03-18T18:39:45","date_gmt":"2024-03-18T17:39:45","guid":{"rendered":"https:\/\/chats-sacredebirmanie.fr\/?page_id=17"},"modified":"2024-03-18T18:39:45","modified_gmt":"2024-03-18T17:39:45","slug":"nos-males","status":"publish","type":"page","link":"https:\/\/chats-sacredebirmanie.fr\/site\/nos-males\/","title":{"rendered":"Nos m\u00e2les"},"content":{"rendered":"\n<div class=\"wp-block-cover alignfull is-light wp-elements-73d5ef0447f63c30aff05cc484d5f9cc\" style=\"min-height:20vw;aspect-ratio:unset;\"><span aria-hidden=\"true\" class=\"wp-block-cover__background has-background-dim-100 has-background-dim\" style=\"background-color:#dddeaa\"><\/span><div class=\"wp-block-cover__inner-container is-layout-flow wp-block-cover-is-layout-flow\">\n<h1 class=\"wp-block-heading has-text-align-center has-text-color has-link-color wp-elements-ac301bda5bcd5874664d8084e9cbc3c1\" style=\"color:#314153\">Nos m\u00e2les<\/h1>\n\n\n\n<p class=\"has-text-align-center has-text-color has-link-color has-small-font-size wp-elements-c106f36d20bed242d6f1bb02447778e6 tw-block-animation tw-animation-fade-in-up\" style=\"color:#9d8c6f\"><em>&#8211; \u00ab\u00a0Dieu a invent\u00e9 le chat pour que l&rsquo;homme ait un tigre \u00e0 caresser chez lui.\u00a0\u00bb V. Hugo &#8211;<\/em><\/p>\n<\/div><\/div>\n\n\n\n<div class=\"wp-block-group alignfull has-orange-background-color has-background tw-top-shape-organic tw-bottom-shape-organic\"><div class=\"wp-block-group__inner-container is-layout-flow wp-block-group-is-layout-flow\">\n<div class=\"wp-block-group alignfull is-style-default\"><div class=\"wp-block-group__inner-container is-layout-flow wp-block-group-is-layout-flow\">\n<div class=\"wp-block-media-text alignwide has-media-on-the-right is-stacked-on-mobile is-vertically-aligned-center is-style-tw-overlap has-white-background-color has-background tw-block-animation tw-animation-fade-in-up\" style=\"grid-template-columns:auto 54%\"><div class=\"wp-block-media-text__content\">\n<h3 class=\"wp-block-heading has-text-align-center\"><strong><strong>Stromae of Leaf Blue Valley<\/strong><\/strong><\/h3>\n\n\n<div class=\"wp-block-image\">\n<figure class=\"aligncenter size-full is-resized\"><img loading=\"lazy\" decoding=\"async\" width=\"424\" height=\"387\" src=\"https:\/\/chats-sacredebirmanie.fr\/site\/wp-content\/uploads\/2024\/05\/plante4.png\" alt=\"\" class=\"wp-image-847\" style=\"width:99px;height:auto\" srcset=\"https:\/\/chats-sacredebirmanie.fr\/site\/wp-content\/uploads\/2024\/05\/plante4.png 424w, https:\/\/chats-sacredebirmanie.fr\/site\/wp-content\/uploads\/2024\/05\/plante4-300x274.png 300w\" sizes=\"auto, (max-width: 424px) 100vw, 424px\" \/><\/figure>\n<\/div>\n\n\n<p>Stromae, beau m\u00e2le n\u00e9 le  06\/05\/2021. Seal Tabby Point.<\/p>\n\n\n\n<p>Merci \u00e0 Jean-Luc de nous l&rsquo;avoir confi\u00e9. Nous esp\u00e9rons de beaux b\u00e9b\u00e9s de ce jeune homme qui pourra \u00eatre mari\u00e9 avec nos filles.<\/p>\n\n\n\n<p><em>Surnom<\/em> : Nounours<br><em>Pr\u00e9f\u00e9rence<\/em> : vivre la nuit<br><em>Particularit\u00e9<\/em> : maroute<\/p>\n\n\n<div class=\"wp-block-image is-style-tw-rounded-corners\">\n<figure class=\"aligncenter size-full is-resized\"><a href=\"https:\/\/chats-sacredebirmanie.fr\/site\/wp-content\/uploads\/2024\/03\/g2bj0-IMG_7701.jpg\" data-rel=\"lightbox-image-0\" data-magnific_type=\"image\" data-rl_title=\"g2bj0-IMG_7701\" data-rl_caption=\"\" title=\"g2bj0-IMG_7701\"><img loading=\"lazy\" decoding=\"async\" width=\"640\" height=\"463\" src=\"https:\/\/chats-sacredebirmanie.fr\/site\/wp-content\/uploads\/2024\/03\/g2bj0-IMG_7701.jpg\" alt=\"\" class=\"wp-image-117\" style=\"aspect-ratio:1;object-fit:cover;width:200px\" srcset=\"https:\/\/chats-sacredebirmanie.fr\/site\/wp-content\/uploads\/2024\/03\/g2bj0-IMG_7701.jpg 640w, https:\/\/chats-sacredebirmanie.fr\/site\/wp-content\/uploads\/2024\/03\/g2bj0-IMG_7701-300x217.jpg 300w\" sizes=\"auto, (max-width: 640px) 100vw, 640px\" \/><\/a><\/figure>\n<\/div><\/div><figure class=\"wp-block-media-text__media\"><img loading=\"lazy\" decoding=\"async\" width=\"640\" height=\"480\" src=\"https:\/\/chats-sacredebirmanie.fr\/site\/wp-content\/uploads\/2024\/04\/stromae.jpg\" alt=\"\" class=\"wp-image-261 size-full\" srcset=\"https:\/\/chats-sacredebirmanie.fr\/site\/wp-content\/uploads\/2024\/04\/stromae.jpg 640w, https:\/\/chats-sacredebirmanie.fr\/site\/wp-content\/uploads\/2024\/04\/stromae-300x225.jpg 300w\" sizes=\"auto, (max-width: 640px) 100vw, 640px\" \/><\/figure><\/div>\n<\/div><\/div>\n<\/div><\/div>\n","protected":false},"excerpt":{"rendered":"<p>Stromae of Leaf Blue Valley Stromae, beau m\u00e2le n\u00e9 le 06\/05\/2021. Seal Tabby Point. Merci \u00e0 Jean-Luc de nous l&rsquo;avoir confi\u00e9. Nous esp\u00e9rons de beaux b\u00e9b\u00e9s de ce jeune homme qui pourra \u00eatre mari\u00e9 avec nos filles. Surnom : NounoursPr\u00e9f\u00e9rence : vivre la nuitParticularit\u00e9 : maroute<\/p>\n","protected":false},"author":1,"featured_media":0,"parent":0,"menu_order":0,"comment_status":"closed","ping_status":"closed","template":"tw-header-transparent.php","meta":{"footnotes":""},"class_list":["post-17","page","type-page","status-publish","hentry","entry"],"_links":{"self":[{"href":"https:\/\/chats-sacredebirmanie.fr\/site\/wp-json\/wp\/v2\/pages\/17","targetHints":{"allow":["GET"]}}],"collection":[{"href":"https:\/\/chats-sacredebirmanie.fr\/site\/wp-json\/wp\/v2\/pages"}],"about":[{"href":"https:\/\/chats-sacredebirmanie.fr\/site\/wp-json\/wp\/v2\/types\/page"}],"author":[{"embeddable":true,"href":"https:\/\/chats-sacredebirmanie.fr\/site\/wp-json\/wp\/v2\/users\/1"}],"replies":[{"embeddable":true,"href":"https:\/\/chats-sacredebirmanie.fr\/site\/wp-json\/wp\/v2\/comments?post=17"}],"version-history":[{"count":0,"href":"https:\/\/chats-sacredebirmanie.fr\/site\/wp-json\/wp\/v2\/pages\/17\/revisions"}],"wp:attachment":[{"href":"https:\/\/chats-sacredebirmanie.fr\/site\/wp-json\/wp\/v2\/media?parent=17"}],"curies":[{"name":"wp","href":"https:\/\/api.w.org\/{rel}","templated":true}]}}